{"id":28,"date":"2026-01-03T12:22:58","date_gmt":"2026-01-03T17:22:58","guid":{"rendered":"https:\/\/lightgoldenrodyellow-mule-638612.hostingersite.com\/?page_id=28"},"modified":"2026-01-13T08:53:25","modified_gmt":"2026-01-13T13:53:25","slug":"que-es-ciberfiloginia","status":"publish","type":"page","link":"https:\/\/ciberfiloginia.online\/","title":{"rendered":"Ciberviolencia y violencia digital"},"content":{"rendered":"\n<div class=\"wp-block-cover alignfull has-custom-content-position is-position-top-center animated fadeIn has-aspect-ratio\" style=\"margin-top:0;margin-bottom:0;padding-top:5vw;padding-right:5vw;padding-bottom:5vw;padding-left:5vw;min-height:1000px;aspect-ratio:1;min-height:unset;\"><span aria-hidden=\"true\" class=\"wp-block-cover__background has-background-dim-100 has-background-dim\" style=\"background-color:#8a3a67\"><\/span><div class=\"wp-block-cover__inner-container is-layout-flow wp-container-core-cover-is-layout-1ff0d4dc wp-block-cover-is-layout-flow\">\n<div class=\"wp-block-group animated fadeIn is-vertical is-content-justification-center is-layout-flex wp-container-core-group-is-layout-f27080f3 wp-block-group-is-layout-flex\">\n<div class=\"wp-block-group wp-container-content-d387280b is-vertical is-nowrap is-layout-flex wp-container-core-group-is-layout-3cf04848 wp-block-group-is-layout-flex\">\n<figure class=\"wp-block-image size-full wp-container-content-9cfa9a5a wp-duotone-rgb13758104-rgb236216110-1\"><img loading=\"lazy\" decoding=\"async\" width=\"6000\" height=\"4000\" src=\"https:\/\/ciberfiloginia.online\/wp-content\/uploads\/2026\/01\/personas-conectadas-en-las-redes-sociales.jpg\" alt=\"\" class=\"wp-image-1481\" style=\"aspect-ratio:16\/9;object-fit:cover\"\/><\/figure>\n\n\n\n<p class=\"animated fadeIn has-medium-font-size wp-container-content-9cfa9a5a\">En los entornos digitales y el ciberespacio las discriminaciones basadas en g\u00e9nero se han generalizado, produciendo una amplia gama de conductas que involucran la vulneraci\u00f3n de la intimidad personal de las mujeres, entre ellas, la difusi\u00f3n de im\u00e1genes o audios sin consentimiento, una modalidad contempor\u00e1nea de <em>Violencia Digital<\/em> hacia las mujeres que est\u00e1 enmarcada en lo que hoy podemos identificar como <em>Ciberviolencia<\/em> y que agravan las formas de violencia de g\u00e9nero existentes.&nbsp;<\/p>\n\n\n\n<p class=\"has-medium-font-size wp-container-content-9cfa9a5a\">Este fen\u00f3meno ocurre en las redes sociales, aplicaciones o herramientas tecnol\u00f3gicas con el fin de da\u00f1ar, controlar o humillar a una persona. La <em>Ciberviolencia <\/em>es un t\u00e9rmino amplio que incluye todo tipo de da\u00f1o infligido en medios digitales y que abarca todas las formas de violencia online, como el ciberacoso, el discurso de odio, el dropping, entre otras. La clasificaci\u00f3n y conceptualizaci\u00f3n de las violencias de g\u00e9nero en los entornos digitales tiene retos importantes para abordar elementos conceptuales que permitir\u00e1n distinguir con claridad elementos comunes en las diversas modalidades que involucran a los usuarios, facilitada por las nuevas tecnolog\u00edas de la comunicaci\u00f3n e informaci\u00f3n TICs.<\/p>\n\n\n\n<p class=\"has-medium-font-size wp-container-content-9cfa9a5a\">La <em>Ciberviolencia <\/em>suele tener el objetivo de minar la autoestima de la persona afectada e infundir miedo, donde se aprovecha el anonimato de las plataformas digitales, en muchas ocasiones es utilizada para silenciar a mujeres y activistas LGBTI. Adem\u00e1s, la r\u00e1pida viralizaci\u00f3n de la informaci\u00f3n en internet multiplica el impacto, con consecuencias que pueden afectar gravemente la vida personal y profesional de quien lo sufre.<\/p>\n<\/div>\n<\/div>\n<\/div><\/div>\n","protected":false},"excerpt":{"rendered":"","protected":false},"author":1,"featured_media":0,"parent":0,"menu_order":0,"comment_status":"closed","ping_status":"closed","template":"","meta":{"footnotes":""},"class_list":["post-28","page","type-page","status-publish","hentry"],"_hostinger_reach_plugin_has_subscription_block":false,"_hostinger_reach_plugin_is_elementor":false,"_links":{"self":[{"href":"https:\/\/ciberfiloginia.online\/index.php\/wp-json\/wp\/v2\/pages\/28","targetHints":{"allow":["GET"]}}],"collection":[{"href":"https:\/\/ciberfiloginia.online\/index.php\/wp-json\/wp\/v2\/pages"}],"about":[{"href":"https:\/\/ciberfiloginia.online\/index.php\/wp-json\/wp\/v2\/types\/page"}],"author":[{"embeddable":true,"href":"https:\/\/ciberfiloginia.online\/index.php\/wp-json\/wp\/v2\/users\/1"}],"replies":[{"embeddable":true,"href":"https:\/\/ciberfiloginia.online\/index.php\/wp-json\/wp\/v2\/comments?post=28"}],"version-history":[{"count":56,"href":"https:\/\/ciberfiloginia.online\/index.php\/wp-json\/wp\/v2\/pages\/28\/revisions"}],"predecessor-version":[{"id":1591,"href":"https:\/\/ciberfiloginia.online\/index.php\/wp-json\/wp\/v2\/pages\/28\/revisions\/1591"}],"wp:attachment":[{"href":"https:\/\/ciberfiloginia.online\/index.php\/wp-json\/wp\/v2\/media?parent=28"}],"curies":[{"name":"wp","href":"https:\/\/api.w.org\/{rel}","templated":true}]}}