{"id":1236,"date":"2026-01-06T19:48:16","date_gmt":"2026-01-07T00:48:16","guid":{"rendered":"https:\/\/lightgoldenrodyellow-mule-638612.hostingersite.com\/?page_id=1236"},"modified":"2026-01-11T19:22:10","modified_gmt":"2026-01-12T00:22:10","slug":"feminicidios-digitales","status":"publish","type":"page","link":"https:\/\/ciberfiloginia.online\/index.php\/feminicidios-digitales\/","title":{"rendered":"Feminicidios Digitales"},"content":{"rendered":"<div class=\"wp-block-image\">\n<figure class=\"aligncenter size-full\"><img loading=\"lazy\" decoding=\"async\" width=\"258\" height=\"289\" src=\"https:\/\/ciberfiloginia.online\/wp-content\/uploads\/2026\/01\/niunamenos.png\" alt=\"\" class=\"wp-image-1405\"\/><\/figure>\n<\/div>\n\n\n<p>Las mujeres influencer son blanco de diferentes modalidades de violencia, entre ellas el feminicidio, ya que el victimario puede ubicar con el uso de tecnolog\u00eda la ubicaci\u00f3n en tiempo real de las transmisiones, como el caso del asesinato de Valeria M\u00e1rquez en M\u00e9xico, influencer de 23 a\u00f1os en Zapopan, Jalisco, el 13 de mayo de 2025, ocurrido durante una transmisi\u00f3n en vivo por TikTok. El feminicidio es uno de los delitos m\u00e1s graves relacionados con el \u00e1mbito digital, en otros casos reciben denuncias de manipulaci\u00f3n psicol\u00f3gica a trav\u00e9s de videos, donde agresores amenazan con autolesionarse para controlar a las mujeres.<\/p>\n\n\n\n<div style=\"height:19px\" aria-hidden=\"true\" class=\"wp-block-spacer\"><\/div>\n\n\n\n<hr class=\"wp-block-separator has-alpha-channel-opacity\"\/>\n\n\n","protected":false},"excerpt":{"rendered":"<p>Las mujeres influencer son blanco de diferentes modalidades de violencia, entre ellas el feminicidio, ya que el victimario puede ubicar con el uso de tecnolog\u00eda la ubicaci\u00f3n en tiempo real de las transmisiones, como el caso del asesinato de Valeria M\u00e1rquez en M\u00e9xico, influencer de 23 a\u00f1os en Zapopan, Jalisco, el 13 de mayo de 2025, ocurrido durante una transmisi\u00f3n en vivo por TikTok. El feminicidio es uno de los delitos m\u00e1s graves relacionados con el \u00e1mbito digital, en otros casos reciben denuncias de manipulaci\u00f3n psicol\u00f3gica a trav\u00e9s de videos, donde agresores amenazan con autolesionarse para controlar a las mujeres.<\/p>\n","protected":false},"author":1,"featured_media":0,"parent":0,"menu_order":0,"comment_status":"closed","ping_status":"closed","template":"","meta":{"footnotes":""},"class_list":["post-1236","page","type-page","status-publish","hentry"],"_hostinger_reach_plugin_has_subscription_block":false,"_hostinger_reach_plugin_is_elementor":false,"_links":{"self":[{"href":"https:\/\/ciberfiloginia.online\/index.php\/wp-json\/wp\/v2\/pages\/1236","targetHints":{"allow":["GET"]}}],"collection":[{"href":"https:\/\/ciberfiloginia.online\/index.php\/wp-json\/wp\/v2\/pages"}],"about":[{"href":"https:\/\/ciberfiloginia.online\/index.php\/wp-json\/wp\/v2\/types\/page"}],"author":[{"embeddable":true,"href":"https:\/\/ciberfiloginia.online\/index.php\/wp-json\/wp\/v2\/users\/1"}],"replies":[{"embeddable":true,"href":"https:\/\/ciberfiloginia.online\/index.php\/wp-json\/wp\/v2\/comments?post=1236"}],"version-history":[{"count":3,"href":"https:\/\/ciberfiloginia.online\/index.php\/wp-json\/wp\/v2\/pages\/1236\/revisions"}],"predecessor-version":[{"id":1452,"href":"https:\/\/ciberfiloginia.online\/index.php\/wp-json\/wp\/v2\/pages\/1236\/revisions\/1452"}],"wp:attachment":[{"href":"https:\/\/ciberfiloginia.online\/index.php\/wp-json\/wp\/v2\/media?parent=1236"}],"curies":[{"name":"wp","href":"https:\/\/api.w.org\/{rel}","templated":true}]}}