{"id":1222,"date":"2026-01-06T19:17:04","date_gmt":"2026-01-07T00:17:04","guid":{"rendered":"https:\/\/lightgoldenrodyellow-mule-638612.hostingersite.com\/?page_id=1222"},"modified":"2026-01-11T19:25:00","modified_gmt":"2026-01-12T00:25:00","slug":"ciberbullying","status":"publish","type":"page","link":"https:\/\/ciberfiloginia.online\/index.php\/ciberbullying\/","title":{"rendered":"Ciberbullying"},"content":{"rendered":"<div class=\"wp-block-image\">\n<figure class=\"aligncenter size-full\"><img loading=\"lazy\" decoding=\"async\" width=\"258\" height=\"289\" src=\"https:\/\/ciberfiloginia.online\/wp-content\/uploads\/2026\/01\/ciberbulling.png\" alt=\"\" class=\"wp-image-1278\"\/><\/figure>\n<\/div>\n\n\n<div style=\"height:24px\" aria-hidden=\"true\" class=\"wp-block-spacer\"><\/div>\n\n\n\n<hr class=\"wp-block-separator has-alpha-channel-opacity\"\/>\n\n\n\n<h2 class=\"wp-block-heading alignwide has-text-align-center\" id=\"we-re-a-studio-in-berlin-with-an-international-practice-in-architecture-urban-planning-and-interior-design-we-believe-in-sharing-knowledge-and-promoting-dialogue-to-increase-the-creative-potential-of-collaboration\" style=\"font-size:48px;line-height:1.1\"><strong>Ataques reiterados para humillar o excluir a la v\u00edctima en entornos digitales<\/strong><\/h2>\n\n\n\n<hr class=\"wp-block-separator has-alpha-channel-opacity\"\/>\n\n\n\n<div style=\"height:24px\" aria-hidden=\"true\" class=\"wp-block-spacer\"><\/div>\n\n\n\n<p>El ciberbullying es una forma de acoso escolar que ocurre a trav\u00e9s de medios digitales, especialmente en redes sociales, aplicaciones de mensajer\u00eda y plataformas en l\u00ednea. A diferencia del acoso escolar tradicional, que ocurre en el entorno f\u00edsico, el ciberbullying permite que los agresores hostiguen a sus v\u00edctimas sin necesidad de contacto f\u00edsico directo, lo que amplifica el sufrimiento emocional de las personas afectadas. Este tipo de acoso incluye insultos, amenazas, difusi\u00f3n de rumores, exclusi\u00f3n social y difusi\u00f3n de im\u00e1genes o v\u00eddeos comprometidos sin el consentimiento de la v\u00edctima.El ciberbullying afecta a la salud mental y emocional de los chicos y chicas j\u00f3venes, que pueden experimentar ansiedad, depresi\u00f3n e incluso pensamientos suicidas como resultado de la exposici\u00f3n continua a este tipo de violencia. Adem\u00e1s, la facilidad de anonimato que brindan las plataformas digitales puede hacer que las personas que acosan se sientan impunes frente a la vulnerabilidad de las v\u00edctimas, que pueden llegar a no saber qui\u00e9n est\u00e1 detr\u00e1s del ataque.<strong><em><\/em><\/strong><\/p>\n\n\n\n<hr class=\"wp-block-separator has-alpha-channel-opacity\"\/>\n\n\n\n<div class=\"wp-block-columns is-layout-flex wp-container-core-columns-is-layout-28f84493 wp-block-columns-is-layout-flex\">\n<div class=\"wp-block-column is-layout-flow wp-block-column-is-layout-flow\"><\/div>\n\n\n\n<div class=\"wp-block-column is-layout-flow wp-block-column-is-layout-flow\"><\/div>\n<\/div>\n","protected":false},"excerpt":{"rendered":"<p>Ataques reiterados para humillar o excluir a la v\u00edctima en entornos digitales El ciberbullying es una forma de acoso escolar que ocurre a trav\u00e9s de medios digitales, especialmente en redes sociales, aplicaciones de mensajer\u00eda y plataformas en l\u00ednea. A diferencia del acoso escolar tradicional, que ocurre en el entorno f\u00edsico, el ciberbullying permite que los agresores hostiguen a sus v\u00edctimas sin necesidad de contacto f\u00edsico directo, lo que amplifica el sufrimiento emocional de las personas afectadas. Este tipo de acoso incluye insultos, amenazas, difusi\u00f3n de rumores, exclusi\u00f3n social y difusi\u00f3n de im\u00e1genes o v\u00eddeos comprometidos sin el consentimiento de la v\u00edctima.El ciberbullying afecta a la salud mental y emocional de los chicos y chicas j\u00f3venes, que pueden experimentar ansiedad, depresi\u00f3n e incluso pensamientos suicidas como resultado de la exposici\u00f3n continua a este tipo de violencia. Adem\u00e1s, la facilidad de anonimato que brindan las plataformas digitales puede hacer que las personas que acosan se sientan impunes frente a la vulnerabilidad de las v\u00edctimas, que pueden llegar a no saber qui\u00e9n est\u00e1 detr\u00e1s del ataque.<\/p>\n","protected":false},"author":1,"featured_media":0,"parent":0,"menu_order":0,"comment_status":"closed","ping_status":"closed","template":"","meta":{"footnotes":""},"class_list":["post-1222","page","type-page","status-publish","hentry"],"_hostinger_reach_plugin_has_subscription_block":false,"_hostinger_reach_plugin_is_elementor":false,"_links":{"self":[{"href":"https:\/\/ciberfiloginia.online\/index.php\/wp-json\/wp\/v2\/pages\/1222","targetHints":{"allow":["GET"]}}],"collection":[{"href":"https:\/\/ciberfiloginia.online\/index.php\/wp-json\/wp\/v2\/pages"}],"about":[{"href":"https:\/\/ciberfiloginia.online\/index.php\/wp-json\/wp\/v2\/types\/page"}],"author":[{"embeddable":true,"href":"https:\/\/ciberfiloginia.online\/index.php\/wp-json\/wp\/v2\/users\/1"}],"replies":[{"embeddable":true,"href":"https:\/\/ciberfiloginia.online\/index.php\/wp-json\/wp\/v2\/comments?post=1222"}],"version-history":[{"count":5,"href":"https:\/\/ciberfiloginia.online\/index.php\/wp-json\/wp\/v2\/pages\/1222\/revisions"}],"predecessor-version":[{"id":1455,"href":"https:\/\/ciberfiloginia.online\/index.php\/wp-json\/wp\/v2\/pages\/1222\/revisions\/1455"}],"wp:attachment":[{"href":"https:\/\/ciberfiloginia.online\/index.php\/wp-json\/wp\/v2\/media?parent=1222"}],"curies":[{"name":"wp","href":"https:\/\/api.w.org\/{rel}","templated":true}]}}