{"id":1118,"date":"2026-01-03T19:59:02","date_gmt":"2026-01-04T00:59:02","guid":{"rendered":"https:\/\/lightgoldenrodyellow-mule-638612.hostingersite.com\/?page_id=1118"},"modified":"2026-03-08T05:24:14","modified_gmt":"2026-03-08T10:24:14","slug":"violencia-digital","status":"publish","type":"page","link":"https:\/\/ciberfiloginia.online\/index.php\/violencia-digital\/","title":{"rendered":"Violencia digital"},"content":{"rendered":"<div class=\"wp-block-image\">\n<figure class=\"aligncenter size-full\"><img loading=\"lazy\" decoding=\"async\" width=\"258\" height=\"289\" src=\"https:\/\/ciberfiloginia.online\/wp-content\/uploads\/2026\/01\/ciberviolencia.png\" alt=\"\" class=\"wp-image-1104\"\/><\/figure>\n<\/div>\n\n\n<div style=\"height:20px\" aria-hidden=\"true\" class=\"wp-block-spacer\"><\/div>\n\n\n\n<hr class=\"wp-block-separator has-alpha-channel-opacity\"\/>\n\n\n\n<h3 class=\"wp-block-heading alignwide has-text-align-center\" id=\"we-re-a-studio-in-berlin-with-an-international-practice-in-architecture-urban-planning-and-interior-design-we-believe-in-sharing-knowledge-and-promoting-dialogue-to-increase-the-creative-potential-of-collaboration\" style=\"font-size:48px;line-height:1.1\"><strong>Consiste en crear, compartir o difundir, sin consentimiento, material, im\u00e1genes o videos \u00edntimos o sexualmente expl\u00edcitos obtenidos con o sin el consentimiento de una persona, con el prop\u00f3sito de avergonzarla, estigmatizarla o perjudicarla.<\/strong><\/h3>\n\n\n\n<hr class=\"wp-block-separator has-alpha-channel-opacity\"\/>\n\n\n\n<div style=\"height:40px\" aria-hidden=\"true\" class=\"wp-block-spacer\"><\/div>\n\n\n\n<p>En varios estudios se ha comprobado que el 90% de las personas afectadas por la distribuci\u00f3n digital de im\u00e1genes \u00edntimas sin consentimiento son mujeres. Esta forma de violencia puede ocurrir en una gran variedad de contextos y relaciones interpersonales: en una relaci\u00f3n \u00edntima y de confianza en la cual estas im\u00e1genes son enviadas de forma voluntaria por una persona a su pareja o expareja sentimental (quiz\u00e1s por sexting), como parte de esquemas de ciberhostigamiento o ciberacoso por amistades, conocidos o desconocidos, o cuando el material se obtiene mediante hackeo o acceso f\u00edsico a dispositivos.<\/p>\n\n\n\n<p>La difusi\u00f3n no autorizada de contenido \u00edntimo en redes sociales o sexspreading hace referencia a la <strong>difusi\u00f3n no consensuada de im\u00e1genes o videos \u00edntimos sin consentimiento<\/strong> con la intenci\u00f3n de da\u00f1ar a la protagonista de ese contenido o humillarla y destruir su reputaci\u00f3n.<\/p>\n\n\n\n<div class=\"wp-block-group alignfull has-background has-medium-font-size\" style=\"border-style:none;border-width:0px;border-top-left-radius:0px;border-top-right-radius:0px;border-bottom-left-radius:0px;border-bottom-right-radius:0px;background-color:#8a3a67;margin-top:0;margin-bottom:0\"><div class=\"wp-block-group__inner-container is-layout-constrained wp-container-core-group-is-layout-19c400f2 wp-block-group-is-layout-constrained\">\n<div style=\"height:29px;width:0px\" aria-hidden=\"true\" class=\"wp-block-spacer\"><\/div>\n\n\n\n<div class=\"wp-block-columns alignwide is-layout-flex wp-container-core-columns-is-layout-28f84493 wp-block-columns-is-layout-flex\">\n<div class=\"wp-block-column is-layout-flow wp-block-column-is-layout-flow\" style=\"flex-basis:50%\">\n<p class=\"has-text-align-left has-white-color has-text-color\" style=\"margin-top:var(--wp--preset--spacing--20);margin-right:var(--wp--preset--spacing--40);margin-bottom:var(--wp--preset--spacing--20);margin-left:var(--wp--preset--spacing--40);font-size:30px;line-height:1.1\"><strong>Abarca tambi\u00e9n los siguientes actos:<\/strong><\/p>\n<\/div>\n<\/div>\n\n\n\n<div class=\"wp-block-columns alignwide is-layout-flex wp-container-core-columns-is-layout-28f84493 wp-block-columns-is-layout-flex\">\n<div class=\"wp-block-column has-white-color has-text-color has-link-color has-medium-font-size wp-elements-223ec89751b10d9286f10e59f8c9de7f is-layout-flow wp-block-column-is-layout-flow\">\n<ul class=\"wp-block-list\">\n<li>Grabar y distribuir im\u00e1genes de abuso sexual. Tomar, sin consentimiento, fotograf\u00edas o videos de partes \u00edntimas del cuerpo de las mujeres en espacios p\u00fablicos y compartirlos en l\u00ednea (por ejemplo, fotograf\u00edas tomadas por debajo de la falda o por arriba de la blusa, actos que se denominan upskirting, downblousing o creepshots).<\/li>\n<\/ul>\n<\/div>\n\n\n\n<div class=\"wp-block-column has-white-color has-text-color has-link-color has-medium-font-size wp-elements-4d1a794a3c221541d7e0f5ac01556a05 is-layout-flow wp-block-column-is-layout-flow\">\n<ul style=\"color:#000000\" class=\"wp-block-list has-text-color has-extra-small-font-size\">\n<li class=\"has-white-color has-text-color has-link-color wp-elements-da4532dc39696cd016842dff4f803ad0\">Crear im\u00e1genes sexualizadas, editadas con fotomontaje o videos deepfake, en cuyo caso las im\u00e1genes o los videos de las mujeres pueden ser tomados de sitios en l\u00ednea o cuentas de redes sociales y superpuestos en el cuerpo de otras personas para simular escenas sexuales o contenido pornogr\u00e1fico con el objetivo de da\u00f1ar la reputaci\u00f3n de la v\u00edctima.<\/li>\n<\/ul>\n<\/div>\n<\/div>\n\n\n\n<div style=\"height:40px;width:0px\" aria-hidden=\"true\" class=\"wp-block-spacer\"><\/div>\n<\/div><\/div>\n\n\n\n<div style=\"height:23px\" aria-hidden=\"true\" class=\"wp-block-spacer\"><\/div>\n\n\n\n<div class=\"wp-block-columns alignwide is-layout-flex wp-container-core-columns-is-layout-d2da2050 wp-block-columns-is-layout-flex\" style=\"margin-bottom:0\">\n<div class=\"wp-block-column has-text-color has-background has-link-color wp-elements-57d8e6ddfda9220b3d7a21368f2c766a is-layout-flow wp-block-column-is-layout-flow\" style=\"color:#000000;background-color:#a6c61a;padding-top:2em;padding-right:2em;padding-bottom:2em;padding-left:2em\">\n<h2 class=\"wp-block-heading\" id=\"single\" style=\"font-size:40px\">\u00bfQu\u00e9 es un deepfake o video ultra falso?<\/h2>\n\n\n<div class=\"wp-block-image\">\n<figure class=\"alignleft size-full is-resized\"><img loading=\"lazy\" decoding=\"async\" width=\"188\" height=\"229\" src=\"https:\/\/ciberfiloginia.online\/wp-content\/uploads\/2026\/01\/videoFalso.png\" alt=\"\" class=\"wp-image-1168\" style=\"width:148px;height:auto\"\/><\/figure>\n<\/div>\n\n\n<p class=\"has-normal-font-size\" style=\"line-height:1.5\">Son im\u00e1genes, videos o audios pornogr\u00e1ficos falsos, pero extremadamente realistas, editados o generados utilizando herramientas de inteligencia artificial, y que pueden mostrar personas reales o inexistentes donde se intercambia la cara de una persona con la de otra, con ellos se ataca en particular a mujeres que participan en la vida pol\u00edtica. Hasta la fecha, la mayor\u00eda de los <em>deepfakes <\/em>que se encuentran en Internet son pornogr\u00e1ficos y las personas que aparecen en ellos rara vez dan su consentimiento para su creaci\u00f3n y publicaci\u00f3n, siendo las v\u00edctimas principalmente mujeres y adolescentes.<\/p>\n<\/div>\n<\/div>\n\n\n\n<div style=\"height:23px\" aria-hidden=\"true\" class=\"wp-block-spacer\"><\/div>\n\n\n\n<div class=\"wp-block-columns alignwide is-layout-flex wp-container-core-columns-is-layout-d2da2050 wp-block-columns-is-layout-flex\" style=\"margin-bottom:0\">\n<div class=\"wp-block-column has-text-color has-background has-link-color wp-elements-c1ece1b0ae8fcbb5aea3f34973ba0930 is-layout-flow wp-block-column-is-layout-flow\" style=\"color:#000000;background-color:#d45c74;padding-top:2em;padding-right:2em;padding-bottom:2em;padding-left:2em\">\n<h2 class=\"wp-block-heading\" id=\"single\" style=\"font-size:40px\">\u00bfQu\u00e9 es el sexspreading?<\/h2>\n\n\n<div class=\"wp-block-image\">\n<figure class=\"alignleft size-full is-resized\"><img loading=\"lazy\" decoding=\"async\" width=\"446\" height=\"496\" src=\"https:\/\/ciberfiloginia.online\/wp-content\/uploads\/2026\/01\/sexpreading.png\" alt=\"\" class=\"wp-image-1171\" style=\"aspect-ratio:0.899210010073697;width:173px;height:auto\"\/><\/figure>\n<\/div>\n\n\n<p id=\"single\">En la pr\u00e1ctica, el sexspreading incluye la distribuci\u00f3n de material \u00edntimo de una persona sin su consentimiento, a menudo en foros en l\u00ednea, redes sociales o sitios webs especializados. La v\u00edctima de este acto se ve expuesta a una humillaci\u00f3n p\u00fablica y, en muchos casos, a consecuencias personales y profesionales, ya que el material sigue circulando de forma viral y es dif\u00edcil de eliminar de internet.<\/p>\n<\/div>\n<\/div>\n\n\n\n<div style=\"height:23px\" aria-hidden=\"true\" class=\"wp-block-spacer\"><\/div>\n\n\n\n<div class=\"wp-block-columns alignwide is-layout-flex wp-container-core-columns-is-layout-d2da2050 wp-block-columns-is-layout-flex\" style=\"margin-bottom:0\">\n<div class=\"wp-block-column has-text-color has-background has-link-color wp-elements-0571ab301b6090e5b69acdd6d05a064a is-layout-flow wp-block-column-is-layout-flow\" style=\"color:#000000;background-color:#a6c61a;padding-top:2em;padding-right:2em;padding-bottom:2em;padding-left:2em\">\n<h2 class=\"wp-block-heading\" id=\"single\" style=\"font-size:40px\">\u00bfQu\u00e9 es el sexting o sexteo?<\/h2>\n\n\n<div class=\"wp-block-image\">\n<figure class=\"alignleft size-full is-resized\"><img loading=\"lazy\" decoding=\"async\" width=\"263\" height=\"441\" src=\"https:\/\/ciberfiloginia.online\/wp-content\/uploads\/2026\/01\/sexting-1.png\" alt=\"\" class=\"wp-image-1174\" style=\"aspect-ratio:0.596401028277635;width:136px;height:auto\"\/><\/figure>\n<\/div>\n\n\n<p class=\"has-normal-font-size\" style=\"line-height:1.5\">El sexting o sexteo es una pr\u00e1ctica que implica la generaci\u00f3n e intercambio de material sexualmente expl\u00edcito. Puede incluir la creaci\u00f3n y env\u00edo de im\u00e1genes de forma consensuada o la creaci\u00f3n consensuada de im\u00e1genes que se distribuyen sin consentimiento.<\/p>\n\n\n\n<p class=\"has-normal-font-size\" style=\"line-height:1.5\">En varios estudios se ha comprobado que es una pr\u00e1ctica com\u00fan entre j\u00f3venes de ambos sexos, quienes est\u00e1n utilizando las tecnolog\u00edas como una herramienta de expresi\u00f3n sexual. Se ha constatado, sin embargo, que el sexting se presenta en contextos en los cuales las j\u00f3venes y las ni\u00f1as est\u00e1n sometidas a una mayor presi\u00f3n social que los j\u00f3venes para compartir im\u00e1genes sexuales y degradantes de su cuerpo, mientras que los j\u00f3venes y los ni\u00f1os se ven presionados para solicitar im\u00e1genes, recibirlas y compartirlas con sus amigos a fin de reafirmar su heterosexualidad.<\/p>\n<\/div>\n<\/div>\n\n\n\n<div style=\"height:22px\" aria-hidden=\"true\" class=\"wp-block-spacer\"><\/div>\n\n\n\n<hr class=\"wp-block-separator has-alpha-channel-opacity\"\/>\n\n\n\n<div style=\"height:12px\" aria-hidden=\"true\" class=\"wp-block-spacer\"><\/div>\n\n\n\n<p><strong>No se debe estigmatizar la pr\u00e1ctica del sexting. Todas y todos tenemos derecho a usar la tecnolog\u00eda para expresar nuestra sexualidad. No obstante, al hacerlo es muy importante tener presente que hay riesgos y que, por consiguiente, es necesario considerar la seguridad digital.<\/strong><br><\/p>\n\n\n\n<hr class=\"wp-block-separator has-alpha-channel-opacity\"\/>\n\n\n","protected":false},"excerpt":{"rendered":"<p>Consiste en crear, compartir o difundir, sin consentimiento, material, im\u00e1genes o videos \u00edntimos o sexualmente expl\u00edcitos obtenidos con o sin el consentimiento de una persona, con el prop\u00f3sito de avergonzarla, estigmatizarla o perjudicarla. En varios estudios se ha comprobado que el 90% de las personas afectadas por la distribuci\u00f3n digital de im\u00e1genes \u00edntimas sin consentimiento son mujeres. Esta forma de violencia puede ocurrir en una gran variedad de contextos y relaciones interpersonales: en una relaci\u00f3n \u00edntima y de confianza en la cual estas im\u00e1genes son enviadas de forma voluntaria por una persona a su pareja o expareja sentimental (quiz\u00e1s por sexting), como parte de esquemas de ciberhostigamiento o ciberacoso por amistades, conocidos o desconocidos, o cuando el material se obtiene mediante hackeo o acceso f\u00edsico a dispositivos. La difusi\u00f3n no autorizada de contenido \u00edntimo en redes sociales o sexspreading hace referencia a la difusi\u00f3n no consensuada de im\u00e1genes o videos \u00edntimos sin consentimiento con la intenci\u00f3n de da\u00f1ar a la protagonista de ese contenido o humillarla y destruir su reputaci\u00f3n. Abarca tambi\u00e9n los siguientes actos: \u00bfQu\u00e9 es un deepfake o video ultra falso? Son im\u00e1genes, videos o audios pornogr\u00e1ficos falsos, pero extremadamente realistas, editados o generados utilizando herramientas de inteligencia artificial, y que pueden mostrar personas reales o inexistentes donde se intercambia la cara de una persona con la de otra, con ellos se ataca en particular a mujeres que participan en la vida pol\u00edtica. Hasta la fecha, la mayor\u00eda de los deepfakes que se encuentran en Internet son pornogr\u00e1ficos y las personas que aparecen en ellos rara vez dan su consentimiento para su creaci\u00f3n y publicaci\u00f3n, siendo las v\u00edctimas principalmente mujeres y adolescentes. \u00bfQu\u00e9 es el sexspreading? En la pr\u00e1ctica, el sexspreading incluye la distribuci\u00f3n de material \u00edntimo de una persona sin su consentimiento, a menudo en foros en l\u00ednea, redes sociales o sitios webs especializados. La v\u00edctima de este acto se ve expuesta a una humillaci\u00f3n p\u00fablica y, en muchos casos, a consecuencias personales y profesionales, ya que el material sigue circulando de forma viral y es dif\u00edcil de eliminar de internet. \u00bfQu\u00e9 es el sexting o sexteo? El sexting o sexteo es una pr\u00e1ctica que implica la generaci\u00f3n e intercambio de material sexualmente expl\u00edcito. Puede incluir la creaci\u00f3n y env\u00edo de im\u00e1genes de forma consensuada o la creaci\u00f3n consensuada de im\u00e1genes que se distribuyen sin consentimiento. En varios estudios se ha comprobado que es una pr\u00e1ctica com\u00fan entre j\u00f3venes de ambos sexos, quienes est\u00e1n utilizando las tecnolog\u00edas como una herramienta de expresi\u00f3n sexual. Se ha constatado, sin embargo, que el sexting se presenta en contextos en los cuales las j\u00f3venes y las ni\u00f1as est\u00e1n sometidas a una mayor presi\u00f3n social que los j\u00f3venes para compartir im\u00e1genes sexuales y degradantes de su cuerpo, mientras que los j\u00f3venes y los ni\u00f1os se ven presionados para solicitar im\u00e1genes, recibirlas y compartirlas con sus amigos a fin de reafirmar su heterosexualidad. No se debe estigmatizar la pr\u00e1ctica del sexting. Todas y todos tenemos derecho a usar la tecnolog\u00eda para expresar nuestra sexualidad. No obstante, al hacerlo es muy importante tener presente que hay riesgos y que, por consiguiente, es necesario considerar la seguridad digital.<\/p>\n","protected":false},"author":1,"featured_media":0,"parent":0,"menu_order":0,"comment_status":"closed","ping_status":"closed","template":"","meta":{"footnotes":""},"class_list":["post-1118","page","type-page","status-publish","hentry"],"_hostinger_reach_plugin_has_subscription_block":false,"_hostinger_reach_plugin_is_elementor":false,"_links":{"self":[{"href":"https:\/\/ciberfiloginia.online\/index.php\/wp-json\/wp\/v2\/pages\/1118","targetHints":{"allow":["GET"]}}],"collection":[{"href":"https:\/\/ciberfiloginia.online\/index.php\/wp-json\/wp\/v2\/pages"}],"about":[{"href":"https:\/\/ciberfiloginia.online\/index.php\/wp-json\/wp\/v2\/types\/page"}],"author":[{"embeddable":true,"href":"https:\/\/ciberfiloginia.online\/index.php\/wp-json\/wp\/v2\/users\/1"}],"replies":[{"embeddable":true,"href":"https:\/\/ciberfiloginia.online\/index.php\/wp-json\/wp\/v2\/comments?post=1118"}],"version-history":[{"count":32,"href":"https:\/\/ciberfiloginia.online\/index.php\/wp-json\/wp\/v2\/pages\/1118\/revisions"}],"predecessor-version":[{"id":1593,"href":"https:\/\/ciberfiloginia.online\/index.php\/wp-json\/wp\/v2\/pages\/1118\/revisions\/1593"}],"wp:attachment":[{"href":"https:\/\/ciberfiloginia.online\/index.php\/wp-json\/wp\/v2\/media?parent=1118"}],"curies":[{"name":"wp","href":"https:\/\/api.w.org\/{rel}","templated":true}]}}