{"id":1111,"date":"2026-01-03T19:35:14","date_gmt":"2026-01-04T00:35:14","guid":{"rendered":"https:\/\/lightgoldenrodyellow-mule-638612.hostingersite.com\/?page_id=1111"},"modified":"2026-01-12T19:09:13","modified_gmt":"2026-01-13T00:09:13","slug":"contacto","status":"publish","type":"page","link":"https:\/\/ciberfiloginia.online\/index.php\/contacto\/","title":{"rendered":"Contacto"},"content":{"rendered":"\n<p>Ciberfilogina es sitio de informaci\u00f3n desarrollado por la organizaci\u00f3n no gubernamental, sin \u00e1nimo de lucro, Corporaci\u00f3n Centro de Apoyo Popular -CENTRAP- y la casa Ernestina Parra.  <\/p>\n\n\n\n<p>Centrap busca contribuir al desarrollo justo, sustentable y democr\u00e1tico de la sociedad colombiana con perspectiva de inclusi\u00f3n social en equidad entre g\u00e9neros, clases y \u00e9tnias, por medio de la investigaci\u00f3n, fortalecimiento organizacional, la formaci\u00f3n, la sistematizaci\u00f3n y la comunicaci\u00f3n; en las \u00e1reas de Cooperaci\u00f3n al Desarrollo y Ayuda Humanitaria.<\/p>\n\n\n\n<p>La Casa Ernestina Parra es un proceso apoyado por CENTRAP en el municipio de Soacha, Cundinamarca, que promueve la garant\u00eda al derecho de una vida libre de violencias, a trav\u00e9s de la atenci\u00f3n jur\u00eddica y psicosocial a casos de Violencias Basadas en G\u00e9nero. La casa Tina desarrolla procesos de educaci\u00f3n popular feminista que empoderan individual y colectivamente a las mujeres, para generar acciones de movilizaci\u00f3n social, incidencia pol\u00edtica, alianzas e interlocuci\u00f3n con diferentes actores para la disminuci\u00f3n y mitigaci\u00f3n de la violencia patriarcal.<\/p>\n\n\n\n<p>Ciberfiloginia surgue como una necesidad ampliar el conocimiento sobre las nuevas modalidades de las VBG que se agudizan, diversifican y amplifican con el uso de las nuevas tecnolog\u00edas. Puedes contactanos para recibir m\u00e1s infomaci\u00f3n en los correos electr\u00f3nicos: centrap@centrap.org.co y casaernestinaparra@gmail.com<\/p>\n\n\n\n<p> <\/p>\n\n\n\n<div class=\"wp-block-columns is-layout-flex wp-container-core-columns-is-layout-28f84493 wp-block-columns-is-layout-flex\">\n<div class=\"wp-block-column is-layout-flow wp-block-column-is-layout-flow\"><div class=\"wp-block-image\">\n<figure class=\"aligncenter size-full is-resized\"><img loading=\"lazy\" decoding=\"async\" width=\"1000\" height=\"504\" src=\"https:\/\/ciberfiloginia.online\/wp-content\/uploads\/2026\/01\/centrap-logo-fondo-transparente.png\" alt=\"\" class=\"wp-image-1370\" style=\"aspect-ratio:1.98419452887538;width:373px;height:auto\"\/><\/figure>\n<\/div><\/div>\n\n\n\n<div class=\"wp-block-column is-layout-flow wp-block-column-is-layout-flow\"><div class=\"wp-block-image\">\n<figure class=\"aligncenter size-full is-resized\"><img loading=\"lazy\" decoding=\"async\" width=\"1000\" height=\"504\" src=\"https:\/\/ciberfiloginia.online\/wp-content\/uploads\/2026\/01\/logo2.png\" alt=\"\" class=\"wp-image-1371\" style=\"aspect-ratio:1.98419452887538;width:354px;height:auto\"\/><\/figure>\n<\/div><\/div>\n<\/div>\n","protected":false},"excerpt":{"rendered":"<p>Ciberfilogina es sitio de informaci\u00f3n desarrollado por la organizaci\u00f3n no gubernamental, sin \u00e1nimo de lucro, Corporaci\u00f3n Centro de Apoyo Popular -CENTRAP- y la casa Ernestina Parra. Centrap busca contribuir al desarrollo justo, sustentable y democr\u00e1tico de la sociedad colombiana con perspectiva de inclusi\u00f3n social en equidad entre g\u00e9neros, clases y \u00e9tnias, por medio de la investigaci\u00f3n, fortalecimiento organizacional, la formaci\u00f3n, la sistematizaci\u00f3n y la comunicaci\u00f3n; en las \u00e1reas de Cooperaci\u00f3n al Desarrollo y Ayuda Humanitaria. La Casa Ernestina Parra es un proceso apoyado por CENTRAP en el municipio de Soacha, Cundinamarca, que promueve la garant\u00eda al derecho de una vida libre de violencias, a trav\u00e9s de la atenci\u00f3n jur\u00eddica y psicosocial a casos de Violencias Basadas en G\u00e9nero. La casa Tina desarrolla procesos de educaci\u00f3n popular feminista que empoderan individual y colectivamente a las mujeres, para generar acciones de movilizaci\u00f3n social, incidencia pol\u00edtica, alianzas e interlocuci\u00f3n con diferentes actores para la disminuci\u00f3n y mitigaci\u00f3n de la violencia patriarcal. Ciberfiloginia surgue como una necesidad ampliar el conocimiento sobre las nuevas modalidades de las VBG que se agudizan, diversifican y amplifican con el uso de las nuevas tecnolog\u00edas. Puedes contactanos para recibir m\u00e1s infomaci\u00f3n en los correos electr\u00f3nicos: centrap@centrap.org.co y casaernestinaparra@gmail.com<\/p>\n","protected":false},"author":1,"featured_media":0,"parent":0,"menu_order":0,"comment_status":"closed","ping_status":"closed","template":"","meta":{"footnotes":""},"class_list":["post-1111","page","type-page","status-publish","hentry"],"_hostinger_reach_plugin_has_subscription_block":false,"_hostinger_reach_plugin_is_elementor":false,"_links":{"self":[{"href":"https:\/\/ciberfiloginia.online\/index.php\/wp-json\/wp\/v2\/pages\/1111","targetHints":{"allow":["GET"]}}],"collection":[{"href":"https:\/\/ciberfiloginia.online\/index.php\/wp-json\/wp\/v2\/pages"}],"about":[{"href":"https:\/\/ciberfiloginia.online\/index.php\/wp-json\/wp\/v2\/types\/page"}],"author":[{"embeddable":true,"href":"https:\/\/ciberfiloginia.online\/index.php\/wp-json\/wp\/v2\/users\/1"}],"replies":[{"embeddable":true,"href":"https:\/\/ciberfiloginia.online\/index.php\/wp-json\/wp\/v2\/comments?post=1111"}],"version-history":[{"count":4,"href":"https:\/\/ciberfiloginia.online\/index.php\/wp-json\/wp\/v2\/pages\/1111\/revisions"}],"predecessor-version":[{"id":1529,"href":"https:\/\/ciberfiloginia.online\/index.php\/wp-json\/wp\/v2\/pages\/1111\/revisions\/1529"}],"wp:attachment":[{"href":"https:\/\/ciberfiloginia.online\/index.php\/wp-json\/wp\/v2\/media?parent=1111"}],"curies":[{"name":"wp","href":"https:\/\/api.w.org\/{rel}","templated":true}]}}